 {"id":1028,"date":"2023-03-22T11:09:43","date_gmt":"2023-03-22T11:09:43","guid":{"rendered":"https:\/\/www.girlswithprinters.com\/?page_id=1028"},"modified":"2025-01-05T16:03:09","modified_gmt":"2025-01-05T16:03:09","slug":"inkoop-zwangerschapsbeeldjes","status":"publish","type":"page","link":"https:\/\/www.girlswithprinters.com\/es\/buy-pregnancy-sculptures\/","title":{"rendered":"Buy B2B pregnancy sculpture"},"content":{"rendered":"<div data-elementor-type=\"page\" data-elementor-id=\"1028\" class=\"elementor elementor-1028\" data-elementor-post-type=\"page\">\n\t\t\t\t<div class=\"elementor-element elementor-element-f3fcfb0 e-flex e-con-boxed e-con e-parent\" data-id=\"f3fcfb0\" data-element_type=\"container\" data-e-type=\"container\">\n\t\t\t\t\t<div class=\"e-con-inner\">\n\t\t\t\t<div class=\"elementor-element elementor-element-b87ea37 elementor-widget elementor-widget-heading\" data-id=\"b87ea37\" data-element_type=\"widget\" data-e-type=\"widget\" data-widget_type=\"heading.default\">\n\t\t\t\t<div class=\"elementor-widget-container\">\n\t\t\t\t\t<h1 class=\"elementor-heading-title elementor-size-default\">Proveedor esculturas de embarazo<\/h1>\t\t\t\t<\/div>\n\t\t\t\t<\/div>\n\t\t\t\t<div class=\"elementor-element elementor-element-8749b79 elementor-widget elementor-widget-text-editor\" data-id=\"8749b79\" data-element_type=\"widget\" data-e-type=\"widget\" data-widget_type=\"text-editor.default\">\n\t\t\t\t<div class=\"elementor-widget-container\">\n\t\t\t\t\t\t\t\t\t<p>\u00bfTiene un estudio de escaneado en 3D donde crea esculturas de embarazos? Probablemente est\u00e9 subcontratando a distintas empresas la impresi\u00f3n en 3D de las esculturas de embarazo y uno o varios procesos de acabado. Pero puede ser m\u00e1s f\u00e1cil.<\/p><p>Nuestra historia comenz\u00f3 como pioneros en el mundo del escaneado 3D de mujeres embarazadas. R\u00e1pidamente descubrimos nuestra pasi\u00f3n por el proceso que hay detr\u00e1s de la creaci\u00f3n de esculturas de embarazo, lo que nos llev\u00f3 a establecer nuestro propio lugar de trabajo, donde nos especializamos en hacer estos recuerdos \u00fanicos y personales para futuros padres en nombre de otros estudios de escaneado.<\/p><p>A medida que adquir\u00edamos m\u00e1s experiencia, nos dimos cuenta de que hab\u00eda una gran demanda de los conocimientos y habilidades que hab\u00edamos adquirido. Decidimos centrarnos en la entrega de esculturas de embarazo completas, ofreciendo no solo la impresi\u00f3n sino tambi\u00e9n todo el proceso de acabado en diversos materiales.<\/p><p>En la actualidad, contamos con un equipo de expertos que trabajan desde nuestro gran atelier en los Pa\u00edses Bajos para crear las esculturas de embarazo m\u00e1s detalladas y meticulosamente acabadas. Nuestros clientes son otros estudios de gammagraf\u00eda, as\u00ed como consultas de ecograf\u00eda y fot\u00f3grafos de todo el mundo que conf\u00edan en nosotros para ofrecer a sus clientes la m\u00e1xima calidad.<\/p><p>Nuestra pasi\u00f3n por el oficio y nuestro compromiso con los m\u00e1s altos est\u00e1ndares de calidad nos han ayudado a crecer y a especializarnos en cada paso del proceso. Estamos orgullosos de formar parte de la creaci\u00f3n de estos hermosos e \u00edntimos recuerdos para los futuros padres y esperamos poder mostrar nuestra artesan\u00eda durante muchos a\u00f1os.<\/p><p>Porque nos centramos en usted y en empresarios como usted, podemos producir esculturas de alta calidad en grandes cantidades al mejor precio. Siente curiosidad por las posibilidades de su negocio de esculturas para embarazadas?\u00a0<\/p><p>P\u00f3ngase en contacto con nosotros<\/p>\t\t\t\t\t\t\t\t<\/div>\n\t\t\t\t<\/div>\n\t\t\t\t<div class=\"elementor-element elementor-element-80d1cb7 elementor-align-left elementor-mobile-align-justify elementor-widget-mobile__width-inherit elementor-widget elementor-widget-button\" data-id=\"80d1cb7\" data-element_type=\"widget\" data-e-type=\"widget\" data-widget_type=\"button.default\">\n\t\t\t\t<div class=\"elementor-widget-container\">\n\t\t\t\t\t\t\t\t\t<div class=\"elementor-button-wrapper\">\n\t\t\t\t\t<a class=\"elementor-button elementor-button-link elementor-size-sm\" href=\"https:\/\/www.girlswithprinters.com\/es\/contact\/\">\n\t\t\t\t\t\t<span class=\"elementor-button-content-wrapper\">\n\t\t\t\t\t\t\t\t\t<span class=\"elementor-button-text\">P\u00f3ngase en contacto con nosotros<\/span>\n\t\t\t\t\t<\/span>\n\t\t\t\t\t<\/a>\n\t\t\t\t<\/div>\n\t\t\t\t\t\t\t\t<\/div>\n\t\t\t\t<\/div>\n\t\t\t\t<div class=\"elementor-element elementor-element-6bea0ed elementor-widget elementor-widget-gallery\" data-id=\"6bea0ed\" data-element_type=\"widget\" data-e-type=\"widget\" data-settings=\"{&quot;columns&quot;:3,&quot;columns_tablet&quot;:3,&quot;lazyload&quot;:&quot;yes&quot;,&quot;gallery_layout&quot;:&quot;grid&quot;,&quot;columns_mobile&quot;:1,&quot;gap&quot;:{&quot;unit&quot;:&quot;px&quot;,&quot;size&quot;:10,&quot;sizes&quot;:[]},&quot;gap_tablet&quot;:{&quot;unit&quot;:&quot;px&quot;,&quot;size&quot;:10,&quot;sizes&quot;:[]},&quot;gap_mobile&quot;:{&quot;unit&quot;:&quot;px&quot;,&quot;size&quot;:10,&quot;sizes&quot;:[]},&quot;link_to&quot;:&quot;file&quot;,&quot;aspect_ratio&quot;:&quot;3:2&quot;,&quot;content_hover_animation&quot;:&quot;fade-in&quot;}\" data-widget_type=\"gallery.default\">\n\t\t\t\t<div class=\"elementor-widget-container\">\n\t\t\t\t\t\t\t<div class=\"elementor-gallery__container\">\n\t\t\t\t\t\t\t<a class=\"e-gallery-item elementor-gallery-item elementor-animated-content\" href=\"https:\/\/www.girlswithprinters.com\/wp-content\/uploads\/2023\/03\/IMG-20230211-WA0028.jpg\" data-elementor-open-lightbox=\"yes\" data-elementor-lightbox-slideshow=\"6bea0ed\" data-e-action-hash=\"#elementor-action%3Aaction%3Dlightbox%26settings%3DeyJpZCI6MTAzMywidXJsIjoiaHR0cHM6XC9cL3d3dy5naXJsc3dpdGhwcmludGVycy5jb21cL3dwLWNvbnRlbnRcL3VwbG9hZHNcLzIwMjNcLzAzXC9JTUctMjAyMzAyMTEtV0EwMDI4LmpwZyIsInNsaWRlc2hvdyI6IjZiZWEwZWQifQ%3D%3D\">\n\t\t\t\t\t<div class=\"e-gallery-image elementor-gallery-item__image\" data-thumbnail=\"https:\/\/www.girlswithprinters.com\/wp-content\/uploads\/2023\/03\/IMG-20230211-WA0028.jpg\" data-width=\"2048\" data-height=\"1365\" aria-label=\"Chicas con impresoras eigenaresses\" role=\"img\" ><\/div>\n\t\t\t\t\t\t\t\t\t\t\t\t\t\t<\/a>\n\t\t\t\t\t\t\t<a class=\"e-gallery-item elementor-gallery-item elementor-animated-content\" href=\"https:\/\/www.girlswithprinters.com\/wp-content\/uploads\/2023\/03\/lassen-zwangerschapsbeeld.jpg\" data-elementor-open-lightbox=\"yes\" data-elementor-lightbox-slideshow=\"6bea0ed\" data-e-action-hash=\"#elementor-action%3Aaction%3Dlightbox%26settings%3DeyJpZCI6MTAzNywidXJsIjoiaHR0cHM6XC9cL3d3dy5naXJsc3dpdGhwcmludGVycy5jb21cL3dwLWNvbnRlbnRcL3VwbG9hZHNcLzIwMjNcLzAzXC9sYXNzZW4tendhbmdlcnNjaGFwc2JlZWxkLmpwZyIsInNsaWRlc2hvdyI6IjZiZWEwZWQifQ%3D%3D\">\n\t\t\t\t\t<div class=\"e-gallery-image elementor-gallery-item__image\" data-thumbnail=\"https:\/\/www.girlswithprinters.com\/wp-content\/uploads\/2023\/03\/lassen-zwangerschapsbeeld.jpg\" data-width=\"2048\" data-height=\"1365\" aria-label=\"\" role=\"img\" ><\/div>\n\t\t\t\t\t\t\t\t\t\t\t\t\t\t<\/a>\n\t\t\t\t\t\t\t<a class=\"e-gallery-item elementor-gallery-item elementor-animated-content\" href=\"https:\/\/www.girlswithprinters.com\/wp-content\/uploads\/2023\/03\/patineren-beeld.png\" data-elementor-open-lightbox=\"yes\" data-elementor-lightbox-slideshow=\"6bea0ed\" data-e-action-hash=\"#elementor-action%3Aaction%3Dlightbox%26settings%3DeyJpZCI6MTAzNiwidXJsIjoiaHR0cHM6XC9cL3d3dy5naXJsc3dpdGhwcmludGVycy5jb21cL3dwLWNvbnRlbnRcL3VwbG9hZHNcLzIwMjNcLzAzXC9wYXRpbmVyZW4tYmVlbGQucG5nIiwic2xpZGVzaG93IjoiNmJlYTBlZCJ9\">\n\t\t\t\t\t<div class=\"e-gallery-image elementor-gallery-item__image\" data-thumbnail=\"https:\/\/www.girlswithprinters.com\/wp-content\/uploads\/2023\/03\/patineren-beeld.png\" data-width=\"2048\" data-height=\"1365\" aria-label=\"\" role=\"img\" ><\/div>\n\t\t\t\t\t\t\t\t\t\t\t\t\t\t<\/a>\n\t\t\t\t\t<\/div>\n\t\t\t\t\t<\/div>\n\t\t\t\t<\/div>\n\t\t\t\t\t<\/div>\n\t\t\t\t<\/div>\n\t\t\t\t<\/div>","protected":false},"excerpt":{"rendered":"<p>Supplier pregnancy sculptures Do you have a 3D scan studio where you create pregnancy scans? You\u2019re probably outsourcing the 3D printing of pregnancy sculptures and one or more finishing processes to different companies. But it can be easier! Our story began as pioneers in the world of 3D scanning pregnant women. We quickly discovered our [&hellip;]<\/p>\n","protected":false},"author":1,"featured_media":0,"parent":0,"menu_order":0,"comment_status":"closed","ping_status":"closed","template":"elementor_header_footer","meta":{"footnotes":""},"class_list":["post-1028","page","type-page","status-publish","hentry"],"yoast_head":"<!-- This site is optimized with the Yoast SEO plugin v27.5 - https:\/\/yoast.com\/product\/yoast-seo-wordpress\/ -->\n<title>Jouw lichaam vereeuwigen in een borstbeeld - Girls with printers<\/title>\n<meta name=\"description\" content=\"Een tastbare herinnering aan een kwetsbare periode in de vorm van een bronzen borstbeeld. Aan de hand van nieuwste 3D scan technologie leggen wij jouw lichaam voor eeuwig vast.\" \/>\n<meta name=\"robots\" content=\"index, follow, max-snippet:-1, max-image-preview:large, max-video-preview:-1\" \/>\n<link rel=\"canonical\" href=\"https:\/\/www.girlswithprinters.com\/es\/inkoop-zwangerschapsbeeldjes\/\" \/>\n<meta property=\"og:locale\" content=\"es_ES\" \/>\n<meta property=\"og:type\" content=\"article\" \/>\n<meta property=\"og:title\" content=\"Jouw lichaam vereeuwigen in een borstbeeld - Girls with printers\" \/>\n<meta property=\"og:description\" content=\"Een tastbare herinnering aan een kwetsbare periode in de vorm van een bronzen borstbeeld. Aan de hand van nieuwste 3D scan technologie leggen wij jouw lichaam voor eeuwig vast.\" \/>\n<meta property=\"og:url\" content=\"https:\/\/www.girlswithprinters.com\/es\/inkoop-zwangerschapsbeeldjes\/\" \/>\n<meta property=\"og:site_name\" content=\"Girls with printers\" \/>\n<meta property=\"article:modified_time\" content=\"2025-01-05T16:03:09+00:00\" \/>\n<meta name=\"twitter:card\" content=\"summary_large_image\" \/>\n<meta name=\"twitter:label1\" content=\"Tiempo de lectura\" \/>\n\t<meta name=\"twitter:data1\" content=\"3 minutos\" \/>\n<script type=\"application\/ld+json\" class=\"yoast-schema-graph\">{\"@context\":\"https:\\\/\\\/schema.org\",\"@graph\":[{\"@type\":\"WebPage\",\"@id\":\"https:\\\/\\\/www.girlswithprinters.com\\\/buy-pregnancy-sculptures\\\/\",\"url\":\"https:\\\/\\\/www.girlswithprinters.com\\\/buy-pregnancy-sculptures\\\/\",\"name\":\"Jouw lichaam vereeuwigen in een borstbeeld - Girls with printers\",\"isPartOf\":{\"@id\":\"https:\\\/\\\/www.girlswithprinters.com\\\/fr\\\/#website\"},\"datePublished\":\"2023-03-22T11:09:43+00:00\",\"dateModified\":\"2025-01-05T16:03:09+00:00\",\"description\":\"Een tastbare herinnering aan een kwetsbare periode in de vorm van een bronzen borstbeeld. Aan de hand van nieuwste 3D scan technologie leggen wij jouw lichaam voor eeuwig vast.\",\"breadcrumb\":{\"@id\":\"https:\\\/\\\/www.girlswithprinters.com\\\/buy-pregnancy-sculptures\\\/#breadcrumb\"},\"inLanguage\":\"es\",\"potentialAction\":[{\"@type\":\"ReadAction\",\"target\":[\"https:\\\/\\\/www.girlswithprinters.com\\\/buy-pregnancy-sculptures\\\/\"]}]},{\"@type\":\"BreadcrumbList\",\"@id\":\"https:\\\/\\\/www.girlswithprinters.com\\\/buy-pregnancy-sculptures\\\/#breadcrumb\",\"itemListElement\":[{\"@type\":\"ListItem\",\"position\":1,\"name\":\"Home\",\"item\":\"https:\\\/\\\/www.girlswithprinters.com\\\/\"},{\"@type\":\"ListItem\",\"position\":2,\"name\":\"Buy B2B pregnancy sculpture\"}]},{\"@type\":\"WebSite\",\"@id\":\"https:\\\/\\\/www.girlswithprinters.com\\\/fr\\\/#website\",\"url\":\"https:\\\/\\\/www.girlswithprinters.com\\\/fr\\\/\",\"name\":\"Girls with printers\",\"description\":\"Leverancier zwangerschapsbeelden\",\"publisher\":{\"@id\":\"https:\\\/\\\/www.girlswithprinters.com\\\/fr\\\/#organization\"},\"potentialAction\":[{\"@type\":\"SearchAction\",\"target\":{\"@type\":\"EntryPoint\",\"urlTemplate\":\"https:\\\/\\\/www.girlswithprinters.com\\\/fr\\\/?s={search_term_string}\"},\"query-input\":{\"@type\":\"PropertyValueSpecification\",\"valueRequired\":true,\"valueName\":\"search_term_string\"}}],\"inLanguage\":\"es\"},{\"@type\":\"Organization\",\"@id\":\"https:\\\/\\\/www.girlswithprinters.com\\\/fr\\\/#organization\",\"name\":\"Girls with printers\",\"url\":\"https:\\\/\\\/www.girlswithprinters.com\\\/fr\\\/\",\"logo\":{\"@type\":\"ImageObject\",\"inLanguage\":\"es\",\"@id\":\"https:\\\/\\\/www.girlswithprinters.com\\\/fr\\\/#\\\/schema\\\/logo\\\/image\\\/\",\"url\":\"https:\\\/\\\/www.girlswithprinters.com\\\/wp-content\\\/uploads\\\/2021\\\/08\\\/Kopie-van-GWP.png\",\"contentUrl\":\"https:\\\/\\\/www.girlswithprinters.com\\\/wp-content\\\/uploads\\\/2021\\\/08\\\/Kopie-van-GWP.png\",\"width\":512,\"height\":512,\"caption\":\"Girls with printers\"},\"image\":{\"@id\":\"https:\\\/\\\/www.girlswithprinters.com\\\/fr\\\/#\\\/schema\\\/logo\\\/image\\\/\"}}]}<\/script>\n<!-- \/ Yoast SEO plugin. -->","yoast_head_json":{"title":"Jouw lichaam vereeuwigen in een borstbeeld - Chicas con impresora","description":"Una hernia sabrosa en un per\u00edodo de tiempo r\u00e9cord en forma de una marca de bronce. Gracias a la nueva tecnolog\u00eda de escaneado 3D, podemos ofrecerle una imagen m\u00e1s amplia.","robots":{"index":"index","follow":"follow","max-snippet":"max-snippet:-1","max-image-preview":"max-image-preview:large","max-video-preview":"max-video-preview:-1"},"canonical":"https:\/\/www.girlswithprinters.com\/es\/inkoop-zwangerschapsbeeldjes\/","og_locale":"es_ES","og_type":"article","og_title":"Jouw lichaam vereeuwigen in een borstbeeld - Girls with printers","og_description":"Een tastbare herinnering aan een kwetsbare periode in de vorm van een bronzen borstbeeld. Aan de hand van nieuwste 3D scan technologie leggen wij jouw lichaam voor eeuwig vast.","og_url":"https:\/\/www.girlswithprinters.com\/es\/inkoop-zwangerschapsbeeldjes\/","og_site_name":"Girls with printers","article_modified_time":"2025-01-05T16:03:09+00:00","twitter_card":"summary_large_image","twitter_misc":{"Tiempo de lectura":"3 minutos"},"schema":{"@context":"https:\/\/schema.org","@graph":[{"@type":"WebPage","@id":"https:\/\/www.girlswithprinters.com\/buy-pregnancy-sculptures\/","url":"https:\/\/www.girlswithprinters.com\/buy-pregnancy-sculptures\/","name":"Jouw lichaam vereeuwigen in een borstbeeld - Chicas con impresora","isPartOf":{"@id":"https:\/\/www.girlswithprinters.com\/fr\/#website"},"datePublished":"2023-03-22T11:09:43+00:00","dateModified":"2025-01-05T16:03:09+00:00","description":"Una hernia sabrosa en un per\u00edodo de tiempo r\u00e9cord en forma de una marca de bronce. Gracias a la nueva tecnolog\u00eda de escaneado 3D, podemos ofrecerle una imagen m\u00e1s amplia.","breadcrumb":{"@id":"https:\/\/www.girlswithprinters.com\/buy-pregnancy-sculptures\/#breadcrumb"},"inLanguage":"es","potentialAction":[{"@type":"ReadAction","target":["https:\/\/www.girlswithprinters.com\/buy-pregnancy-sculptures\/"]}]},{"@type":"BreadcrumbList","@id":"https:\/\/www.girlswithprinters.com\/buy-pregnancy-sculptures\/#breadcrumb","itemListElement":[{"@type":"ListItem","position":1,"name":"Home","item":"https:\/\/www.girlswithprinters.com\/"},{"@type":"ListItem","position":2,"name":"Buy B2B pregnancy sculpture"}]},{"@type":"WebSite","@id":"https:\/\/www.girlswithprinters.com\/fr\/#website","url":"https:\/\/www.girlswithprinters.com\/fr\/","name":"Chicas con impresoras","description":"Leverancier zwangerschapsbeelden","publisher":{"@id":"https:\/\/www.girlswithprinters.com\/fr\/#organization"},"potentialAction":[{"@type":"SearchAction","target":{"@type":"EntryPoint","urlTemplate":"https:\/\/www.girlswithprinters.com\/fr\/?s={search_term_string}"},"query-input":{"@type":"PropertyValueSpecification","valueRequired":true,"valueName":"search_term_string"}}],"inLanguage":"es"},{"@type":"Organization","@id":"https:\/\/www.girlswithprinters.com\/fr\/#organization","name":"Chicas con impresoras","url":"https:\/\/www.girlswithprinters.com\/fr\/","logo":{"@type":"ImageObject","inLanguage":"es","@id":"https:\/\/www.girlswithprinters.com\/fr\/#\/schema\/logo\/image\/","url":"https:\/\/www.girlswithprinters.com\/wp-content\/uploads\/2021\/08\/Kopie-van-GWP.png","contentUrl":"https:\/\/www.girlswithprinters.com\/wp-content\/uploads\/2021\/08\/Kopie-van-GWP.png","width":512,"height":512,"caption":"Girls with printers"},"image":{"@id":"https:\/\/www.girlswithprinters.com\/fr\/#\/schema\/logo\/image\/"}}]}},"_links":{"self":[{"href":"https:\/\/www.girlswithprinters.com\/es\/wp-json\/wp\/v2\/pages\/1028","targetHints":{"allow":["GET"]}}],"collection":[{"href":"https:\/\/www.girlswithprinters.com\/es\/wp-json\/wp\/v2\/pages"}],"about":[{"href":"https:\/\/www.girlswithprinters.com\/es\/wp-json\/wp\/v2\/types\/page"}],"author":[{"embeddable":true,"href":"https:\/\/www.girlswithprinters.com\/es\/wp-json\/wp\/v2\/users\/1"}],"replies":[{"embeddable":true,"href":"https:\/\/www.girlswithprinters.com\/es\/wp-json\/wp\/v2\/comments?post=1028"}],"version-history":[{"count":47,"href":"https:\/\/www.girlswithprinters.com\/es\/wp-json\/wp\/v2\/pages\/1028\/revisions"}],"predecessor-version":[{"id":5212,"href":"https:\/\/www.girlswithprinters.com\/es\/wp-json\/wp\/v2\/pages\/1028\/revisions\/5212"}],"wp:attachment":[{"href":"https:\/\/www.girlswithprinters.com\/es\/wp-json\/wp\/v2\/media?parent=1028"}],"curies":[{"name":"wp","href":"https:\/\/api.w.org\/{rel}","templated":true}]}}