 {"id":1018,"date":"2023-03-22T10:39:38","date_gmt":"2023-03-22T10:39:38","guid":{"rendered":"https:\/\/www.girlswithprinters.com\/?page_id=1018"},"modified":"2025-01-06T15:04:01","modified_gmt":"2025-01-06T15:04:01","slug":"open-3dscanstudio","status":"publish","type":"page","link":"https:\/\/www.girlswithprinters.com\/de_ch\/open-3dscanstudio\/","title":{"rendered":"Starten Sie Ihr 3D-Scanstudio"},"content":{"rendered":"<div data-elementor-type=\"page\" data-elementor-id=\"1018\" class=\"elementor elementor-1018\" data-elementor-post-type=\"page\">\n\t\t\t\t<div class=\"elementor-element elementor-element-b798874 e-flex e-con-boxed e-con e-parent\" data-id=\"b798874\" data-element_type=\"container\" data-e-type=\"container\">\n\t\t\t\t\t<div class=\"e-con-inner\">\n\t\t\t\t<div class=\"elementor-element elementor-element-bf57a72 elementor-widget elementor-widget-heading\" data-id=\"bf57a72\" data-element_type=\"widget\" data-e-type=\"widget\" data-widget_type=\"heading.default\">\n\t\t\t\t<div class=\"elementor-widget-container\">\n\t\t\t\t\t<h1 class=\"elementor-heading-title elementor-size-default\">Beginn des Angebots von 3D-Schwangerschaftsscans<\/h1>\t\t\t\t<\/div>\n\t\t\t\t<\/div>\n\t\t\t\t<div class=\"elementor-element elementor-element-30ed022 elementor-widget elementor-widget-text-editor\" data-id=\"30ed022\" data-element_type=\"widget\" data-e-type=\"widget\" data-widget_type=\"text-editor.default\">\n\t\t\t\t<div class=\"elementor-widget-container\">\n\t\t\t\t\t\t\t\t\t<p>Sind Sie daran interessiert, Ihr eigenes 3D-Scan-Studio zu er\u00f6ffnen, um Schwangerschaftsskulpturen und\/oder Schmuck zu verkaufen? Bei uns sind Sie an der richtigen Adresse, wenn Sie umfassende Unterst\u00fctzung bei der Er\u00f6ffnung Ihres eigenen Studios ben\u00f6tigen. Wir bieten umfassende Unterst\u00fctzung bei der Miete oder dem Kauf eines 3D-Scanners. Au\u00dferdem schulen wir Sie in 3D-Scan-Software und vermitteln Ihnen das n\u00f6tige Materialwissen, um in dieser Branche erfolgreich zu sein.<\/p><p>Wenn Sie ein 3D-Scanstudio er\u00f6ffnen, ist es wichtig, dass Sie wissen, worauf Sie sich einlassen. Wir k\u00f6nnen Ihnen dabei helfen, indem wir unsere langj\u00e4hrige Erfahrung und unser Fachwissen mit Ihnen teilen. Mit unserer Produktion von Schwangerschaftsskulpturen k\u00f6nnen wir Ihnen den gesamten Prozess abnehmen, sodass Sie sich voll und ganz auf die Bereitstellung hochwertiger Dienstleistungen f\u00fcr Ihre Kunden konzentrieren k\u00f6nnen.<\/p><p>Wenn Sie Ihr eigenes Scan-Studio er\u00f6ffnen, werden Sie Ihr eigenes Gesch\u00e4ft betreiben und gleichzeitig unsere Produktionsdienstleistungen in Anspruch nehmen. Wir verlangen keinen Exklusiveinkauf, weil wir der Meinung sind, dass Ihr Unternehmen auf Ihre Weise gef\u00fchrt werden sollte, und es wichtig ist, dass Sie Ihre eigenen Lieferkan\u00e4le w\u00e4hlen.<\/p><p>Kurzum, wir sind Ihr perfekter Partner, wenn Sie Ihr eigenes 3D-Scan-Studio er\u00f6ffnen und Schwangerschaftsskulpturen verkaufen m\u00f6chten. Kontaktieren Sie uns f\u00fcr weitere Informationen!<\/p>\t\t\t\t\t\t\t\t<\/div>\n\t\t\t\t<\/div>\n\t\t\t\t<div class=\"elementor-element elementor-element-b333747 elementor-align-left elementor-mobile-align-justify elementor-widget-mobile__width-inherit elementor-widget elementor-widget-button\" data-id=\"b333747\" data-element_type=\"widget\" data-e-type=\"widget\" data-widget_type=\"button.default\">\n\t\t\t\t<div class=\"elementor-widget-container\">\n\t\t\t\t\t\t\t\t\t<div class=\"elementor-button-wrapper\">\n\t\t\t\t\t<a class=\"elementor-button elementor-button-link elementor-size-sm\" href=\"https:\/\/www.girlswithprinters.com\/de_ch\/contact\/\">\n\t\t\t\t\t\t<span class=\"elementor-button-content-wrapper\">\n\t\t\t\t\t\t\t\t\t<span class=\"elementor-button-text\">Kontakt<\/span>\n\t\t\t\t\t<\/span>\n\t\t\t\t\t<\/a>\n\t\t\t\t<\/div>\n\t\t\t\t\t\t\t\t<\/div>\n\t\t\t\t<\/div>\n\t\t\t\t<div class=\"elementor-element elementor-element-83d3720 elementor-widget__width-inherit elementor-widget elementor-widget-heading\" data-id=\"83d3720\" data-element_type=\"widget\" data-e-type=\"widget\" data-widget_type=\"heading.default\">\n\t\t\t\t<div class=\"elementor-widget-container\">\n\t\t\t\t\t<h2 class=\"elementor-heading-title elementor-size-default\">Unsere Kunden<\/h2>\t\t\t\t<\/div>\n\t\t\t\t<\/div>\n\t\t<div class=\"elementor-element elementor-element-a75da92 e-con-full e-flex e-con e-child\" data-id=\"a75da92\" data-element_type=\"container\" data-e-type=\"container\">\n\t\t<div class=\"elementor-element elementor-element-61c0de8 e-con-full e-flex e-con e-child\" data-id=\"61c0de8\" data-element_type=\"container\" data-e-type=\"container\">\n\t\t\t\t<div class=\"elementor-element elementor-element-52f8132 elementor-widget elementor-widget-counter\" data-id=\"52f8132\" data-element_type=\"widget\" data-e-type=\"widget\" data-widget_type=\"counter.default\">\n\t\t\t\t<div class=\"elementor-widget-container\">\n\t\t\t\t\t\t\t<div class=\"elementor-counter\">\n\t\t\t<div class=\"elementor-counter-title\">Ateliers<\/div>\t\t\t<div class=\"elementor-counter-number-wrapper\">\n\t\t\t\t<span class=\"elementor-counter-number-prefix\"><\/span>\n\t\t\t\t<span class=\"elementor-counter-number\" data-duration=\"2000\" data-to-value=\"45\" data-from-value=\"0\" data-delimiter=\",\">0<\/span>\n\t\t\t\t<span class=\"elementor-counter-number-suffix\"><\/span>\n\t\t\t<\/div>\n\t\t<\/div>\n\t\t\t\t\t\t<\/div>\n\t\t\t\t<\/div>\n\t\t\t\t<\/div>\n\t\t<div class=\"elementor-element elementor-element-4cffccf e-con-full e-flex e-con e-child\" data-id=\"4cffccf\" data-element_type=\"container\" data-e-type=\"container\">\n\t\t\t\t<div class=\"elementor-element elementor-element-c72e87b elementor-widget elementor-widget-gallery\" data-id=\"c72e87b\" data-element_type=\"widget\" data-e-type=\"widget\" data-settings=\"{&quot;gap&quot;:{&quot;unit&quot;:&quot;px&quot;,&quot;size&quot;:2,&quot;sizes&quot;:[]},&quot;columns&quot;:5,&quot;columns_tablet&quot;:5,&quot;columns_mobile&quot;:4,&quot;gap_tablet&quot;:{&quot;unit&quot;:&quot;px&quot;,&quot;size&quot;:2,&quot;sizes&quot;:[]},&quot;gap_mobile&quot;:{&quot;unit&quot;:&quot;px&quot;,&quot;size&quot;:2,&quot;sizes&quot;:[]},&quot;lazyload&quot;:&quot;yes&quot;,&quot;gallery_layout&quot;:&quot;grid&quot;,&quot;aspect_ratio&quot;:&quot;3:2&quot;,&quot;content_hover_animation&quot;:&quot;fade-in&quot;}\" data-widget_type=\"gallery.default\">\n\t\t\t\t<div class=\"elementor-widget-container\">\n\t\t\t\t\t\t\t<div class=\"elementor-gallery__container\">\n\t\t\t\t\t\t\t<div class=\"e-gallery-item elementor-gallery-item elementor-animated-content\">\n\t\t\t\t\t<div class=\"e-gallery-image elementor-gallery-item__image\" data-thumbnail=\"https:\/\/www.girlswithprinters.com\/wp-content\/uploads\/2024\/09\/flag-square-arb.png\" data-width=\"250\" data-height=\"250\" aria-label=\"\" role=\"img\" ><\/div>\n\t\t\t\t\t\t\t\t\t\t\t\t\t\t<\/div>\n\t\t\t\t\t\t\t<div class=\"e-gallery-item elementor-gallery-item elementor-animated-content\">\n\t\t\t\t\t<div class=\"e-gallery-image elementor-gallery-item__image\" data-thumbnail=\"https:\/\/www.girlswithprinters.com\/wp-content\/uploads\/2024\/09\/flag-square-aus.png\" data-width=\"250\" data-height=\"250\" aria-label=\"\" role=\"img\" ><\/div>\n\t\t\t\t\t\t\t\t\t\t\t\t\t\t<\/div>\n\t\t\t\t\t\t\t<div class=\"e-gallery-item elementor-gallery-item elementor-animated-content\">\n\t\t\t\t\t<div class=\"e-gallery-image elementor-gallery-item__image\" data-thumbnail=\"https:\/\/www.girlswithprinters.com\/wp-content\/uploads\/2024\/09\/flag-square-be.png\" data-width=\"250\" data-height=\"250\" aria-label=\"\" role=\"img\" ><\/div>\n\t\t\t\t\t\t\t\t\t\t\t\t\t\t<\/div>\n\t\t\t\t\t\t\t<div class=\"e-gallery-item elementor-gallery-item elementor-animated-content\">\n\t\t\t\t\t<div class=\"e-gallery-image elementor-gallery-item__image\" data-thumbnail=\"https:\/\/www.girlswithprinters.com\/wp-content\/uploads\/2024\/09\/flag-square-de.png\" data-width=\"250\" data-height=\"250\" aria-label=\"\" role=\"img\" ><\/div>\n\t\t\t\t\t\t\t\t\t\t\t\t\t\t<\/div>\n\t\t\t\t\t\t\t<div class=\"e-gallery-item elementor-gallery-item elementor-animated-content\">\n\t\t\t\t\t<div class=\"e-gallery-image elementor-gallery-item__image\" data-thumbnail=\"https:\/\/www.girlswithprinters.com\/wp-content\/uploads\/2024\/09\/flag-square-france.png\" data-width=\"250\" data-height=\"250\" aria-label=\"\" role=\"img\" ><\/div>\n\t\t\t\t\t\t\t\t\t\t\t\t\t\t<\/div>\n\t\t\t\t\t\t\t<div class=\"e-gallery-item elementor-gallery-item elementor-animated-content\">\n\t\t\t\t\t<div class=\"e-gallery-image elementor-gallery-item__image\" data-thumbnail=\"https:\/\/www.girlswithprinters.com\/wp-content\/uploads\/2024\/09\/flag-square-nl.png\" data-width=\"250\" data-height=\"250\" aria-label=\"\" role=\"img\" ><\/div>\n\t\t\t\t\t\t\t\t\t\t\t\t\t\t<\/div>\n\t\t\t\t\t\t\t<div class=\"e-gallery-item elementor-gallery-item elementor-animated-content\">\n\t\t\t\t\t<div class=\"e-gallery-image elementor-gallery-item__image\" data-thumbnail=\"https:\/\/www.girlswithprinters.com\/wp-content\/uploads\/2024\/09\/flag-square-se.png\" data-width=\"250\" data-height=\"250\" aria-label=\"\" role=\"img\" ><\/div>\n\t\t\t\t\t\t\t\t\t\t\t\t\t\t<\/div>\n\t\t\t\t\t\t\t<div class=\"e-gallery-item elementor-gallery-item elementor-animated-content\">\n\t\t\t\t\t<div class=\"e-gallery-image elementor-gallery-item__image\" data-thumbnail=\"https:\/\/www.girlswithprinters.com\/wp-content\/uploads\/2024\/09\/flag-square-SW.png\" data-width=\"250\" data-height=\"250\" aria-label=\"\" role=\"img\" ><\/div>\n\t\t\t\t\t\t\t\t\t\t\t\t\t\t<\/div>\n\t\t\t\t\t\t\t<div class=\"e-gallery-item elementor-gallery-item elementor-animated-content\">\n\t\t\t\t\t<div class=\"e-gallery-image elementor-gallery-item__image\" data-thumbnail=\"https:\/\/www.girlswithprinters.com\/wp-content\/uploads\/2024\/09\/flag-square-UK.png\" data-width=\"250\" data-height=\"250\" aria-label=\"\" role=\"img\" ><\/div>\n\t\t\t\t\t\t\t\t\t\t\t\t\t\t<\/div>\n\t\t\t\t\t<\/div>\n\t\t\t\t\t<\/div>\n\t\t\t\t<\/div>\n\t\t\t\t<\/div>\n\t\t<div class=\"elementor-element elementor-element-f8d434e e-con-full e-flex e-con e-child\" data-id=\"f8d434e\" data-element_type=\"container\" data-e-type=\"container\">\n\t\t\t\t<div class=\"elementor-element elementor-element-5ed9e2c elementor-widget elementor-widget-counter\" data-id=\"5ed9e2c\" data-element_type=\"widget\" data-e-type=\"widget\" data-widget_type=\"counter.default\">\n\t\t\t\t<div class=\"elementor-widget-container\">\n\t\t\t\t\t\t\t<div class=\"elementor-counter\">\n\t\t\t<div class=\"elementor-counter-title\">L\u00e4nder<\/div>\t\t\t<div class=\"elementor-counter-number-wrapper\">\n\t\t\t\t<span class=\"elementor-counter-number-prefix\">Unter <\/span>\n\t\t\t\t<span class=\"elementor-counter-number\" data-duration=\"2000\" data-to-value=\"9\" data-from-value=\"0\" data-delimiter=\",\">0<\/span>\n\t\t\t\t<span class=\"elementor-counter-number-suffix\"><\/span>\n\t\t\t<\/div>\n\t\t<\/div>\n\t\t\t\t\t\t<\/div>\n\t\t\t\t<\/div>\n\t\t\t\t<\/div>\n\t\t\t\t<\/div>\n\t\t\t\t\t<\/div>\n\t\t\t\t<\/div>\n\t\t<div class=\"elementor-element elementor-element-dadc627 e-con-full e-flex e-con e-parent\" data-id=\"dadc627\" data-element_type=\"container\" data-e-type=\"container\">\n\t\t<div class=\"elementor-element elementor-element-f0f2e29 e-con-full e-flex e-con e-child\" data-id=\"f0f2e29\" data-element_type=\"container\" data-e-type=\"container\">\n\t\t\t\t<div class=\"elementor-element elementor-element-3e31542 elementor-widget elementor-widget-gallery\" data-id=\"3e31542\" data-element_type=\"widget\" data-e-type=\"widget\" data-settings=\"{&quot;columns&quot;:5,&quot;aspect_ratio&quot;:&quot;9:16&quot;,&quot;columns_tablet&quot;:5,&quot;columns_mobile&quot;:2,&quot;gap_tablet&quot;:{&quot;unit&quot;:&quot;px&quot;,&quot;size&quot;:5,&quot;sizes&quot;:[]},&quot;gap_mobile&quot;:{&quot;unit&quot;:&quot;px&quot;,&quot;size&quot;:4,&quot;sizes&quot;:[]},&quot;lazyload&quot;:&quot;yes&quot;,&quot;gallery_layout&quot;:&quot;grid&quot;,&quot;gap&quot;:{&quot;unit&quot;:&quot;px&quot;,&quot;size&quot;:10,&quot;sizes&quot;:[]},&quot;link_to&quot;:&quot;file&quot;,&quot;content_hover_animation&quot;:&quot;fade-in&quot;}\" data-widget_type=\"gallery.default\">\n\t\t\t\t<div class=\"elementor-widget-container\">\n\t\t\t\t\t\t\t<div class=\"elementor-gallery__container\">\n\t\t\t\t\t\t\t<a class=\"e-gallery-item elementor-gallery-item elementor-animated-content\" href=\"https:\/\/www.girlswithprinters.com\/wp-content\/uploads\/2023\/03\/Beau-food-Zwangerschapsbeeld.jpg\" data-elementor-open-lightbox=\"yes\" data-elementor-lightbox-slideshow=\"3e31542\" data-e-action-hash=\"#elementor-action%3Aaction%3Dlightbox%26settings%3DeyJpZCI6MTAxOSwidXJsIjoiaHR0cHM6XC9cL3d3dy5naXJsc3dpdGhwcmludGVycy5jb21cL3dwLWNvbnRlbnRcL3VwbG9hZHNcLzIwMjNcLzAzXC9CZWF1LWZvb2QtWndhbmdlcnNjaGFwc2JlZWxkLmpwZyIsInNsaWRlc2hvdyI6IjNlMzE1NDIifQ%3D%3D\">\n\t\t\t\t\t<div class=\"e-gallery-image elementor-gallery-item__image\" data-thumbnail=\"https:\/\/www.girlswithprinters.com\/wp-content\/uploads\/2023\/03\/Beau-food-Zwangerschapsbeeld.jpg\" data-width=\"411\" data-height=\"490\" aria-label=\"\" role=\"img\" ><\/div>\n\t\t\t\t\t\t\t\t\t\t\t\t\t\t<\/a>\n\t\t\t\t\t\t\t<a class=\"e-gallery-item elementor-gallery-item elementor-animated-content\" href=\"https:\/\/www.girlswithprinters.com\/wp-content\/uploads\/2023\/03\/3d-scanstudio-openen.jpg\" data-elementor-open-lightbox=\"yes\" data-elementor-lightbox-slideshow=\"3e31542\" data-e-action-hash=\"#elementor-action%3Aaction%3Dlightbox%26settings%3DeyJpZCI6MTAyMSwidXJsIjoiaHR0cHM6XC9cL3d3dy5naXJsc3dpdGhwcmludGVycy5jb21cL3dwLWNvbnRlbnRcL3VwbG9hZHNcLzIwMjNcLzAzXC8zZC1zY2Fuc3R1ZGlvLW9wZW5lbi5qcGciLCJzbGlkZXNob3ciOiIzZTMxNTQyIn0%3D\">\n\t\t\t\t\t<div class=\"e-gallery-image elementor-gallery-item__image\" data-thumbnail=\"https:\/\/www.girlswithprinters.com\/wp-content\/uploads\/2023\/03\/3d-scanstudio-openen.jpg\" data-width=\"681\" data-height=\"1024\" aria-label=\"\" role=\"img\" ><\/div>\n\t\t\t\t\t\t\t\t\t\t\t\t\t\t<\/a>\n\t\t\t\t\t\t\t<a class=\"e-gallery-item elementor-gallery-item elementor-animated-content\" href=\"https:\/\/www.girlswithprinters.com\/wp-content\/uploads\/2023\/03\/zwangerschapsbeeldjes-in-3d-scanstudio.jpg\" data-elementor-open-lightbox=\"yes\" data-elementor-lightbox-slideshow=\"3e31542\" data-e-action-hash=\"#elementor-action%3Aaction%3Dlightbox%26settings%3DeyJpZCI6MTAyMCwidXJsIjoiaHR0cHM6XC9cL3d3dy5naXJsc3dpdGhwcmludGVycy5jb21cL3dwLWNvbnRlbnRcL3VwbG9hZHNcLzIwMjNcLzAzXC96d2FuZ2Vyc2NoYXBzYmVlbGRqZXMtaW4tM2Qtc2NhbnN0dWRpby5qcGciLCJzbGlkZXNob3ciOiIzZTMxNTQyIn0%3D\">\n\t\t\t\t\t<div class=\"e-gallery-image elementor-gallery-item__image\" data-thumbnail=\"https:\/\/www.girlswithprinters.com\/wp-content\/uploads\/2023\/03\/zwangerschapsbeeldjes-in-3d-scanstudio.jpg\" data-width=\"768\" data-height=\"1024\" aria-label=\"\" role=\"img\" ><\/div>\n\t\t\t\t\t\t\t\t\t\t\t\t\t\t<\/a>\n\t\t\t\t\t\t\t<a class=\"e-gallery-item elementor-gallery-item elementor-animated-content\" href=\"https:\/\/www.girlswithprinters.com\/wp-content\/uploads\/2023\/06\/Schermafbeelding-2023-06-02-160415.png\" data-elementor-open-lightbox=\"yes\" data-elementor-lightbox-slideshow=\"3e31542\" data-e-action-hash=\"#elementor-action%3Aaction%3Dlightbox%26settings%3DeyJpZCI6MTIyOCwidXJsIjoiaHR0cHM6XC9cL3d3dy5naXJsc3dpdGhwcmludGVycy5jb21cL3dwLWNvbnRlbnRcL3VwbG9hZHNcLzIwMjNcLzA2XC9TY2hlcm1hZmJlZWxkaW5nLTIwMjMtMDYtMDItMTYwNDE1LnBuZyIsInNsaWRlc2hvdyI6IjNlMzE1NDIifQ%3D%3D\">\n\t\t\t\t\t<div class=\"e-gallery-image elementor-gallery-item__image\" data-thumbnail=\"https:\/\/www.girlswithprinters.com\/wp-content\/uploads\/2023\/06\/Schermafbeelding-2023-06-02-160415.png\" data-width=\"772\" data-height=\"849\" aria-label=\"\" role=\"img\" ><\/div>\n\t\t\t\t\t\t\t\t\t\t\t\t\t\t<\/a>\n\t\t\t\t\t\t\t<a class=\"e-gallery-item elementor-gallery-item elementor-animated-content\" href=\"https:\/\/www.girlswithprinters.com\/wp-content\/uploads\/2024\/01\/DSC_0476-scaled.jpg\" data-elementor-open-lightbox=\"yes\" data-elementor-lightbox-slideshow=\"3e31542\" data-e-action-hash=\"#elementor-action%3Aaction%3Dlightbox%26settings%3DeyJpZCI6MjE3NSwidXJsIjoiaHR0cHM6XC9cL3d3dy5naXJsc3dpdGhwcmludGVycy5jb21cL3dwLWNvbnRlbnRcL3VwbG9hZHNcLzIwMjRcLzAxXC9EU0NfMDQ3Ni1zY2FsZWQuanBnIiwic2xpZGVzaG93IjoiM2UzMTU0MiJ9\">\n\t\t\t\t\t<div class=\"e-gallery-image elementor-gallery-item__image\" data-thumbnail=\"https:\/\/www.girlswithprinters.com\/wp-content\/uploads\/2024\/01\/DSC_0476-scaled.jpg\" data-width=\"1702\" data-height=\"2560\" aria-label=\"\" role=\"img\" ><\/div>\n\t\t\t\t\t\t\t\t\t\t\t\t\t\t<\/a>\n\t\t\t\t\t<\/div>\n\t\t\t\t\t<\/div>\n\t\t\t\t<\/div>\n\t\t\t\t<\/div>\n\t\t\t\t<\/div>\n\t\t\t\t<\/div>","protected":false},"excerpt":{"rendered":"<p>Start offering 3D pregnancy scans Are you interested in opening your own 3D scan studio to sell pregnancy sculptures and\/or jewelry? You\u2019ve come to the right place for complete support in opening your own studio. We offer comprehensive assistance in leasing or purchasing a 3D scanner. Additionally, we provide training in 3D scan software and [&hellip;]<\/p>\n","protected":false},"author":1,"featured_media":0,"parent":0,"menu_order":0,"comment_status":"closed","ping_status":"closed","template":"elementor_header_footer","meta":{"footnotes":""},"class_list":["post-1018","page","type-page","status-publish","hentry"],"yoast_head":"<!-- This site is optimized with the Yoast SEO plugin v27.3 - https:\/\/yoast.com\/product\/yoast-seo-wordpress\/ -->\n<title>Jouw lichaam vereeuwigen in een borstbeeld - Girls with printers<\/title>\n<meta name=\"description\" content=\"Een tastbare herinnering aan een kwetsbare periode in de vorm van een bronzen borstbeeld. Aan de hand van nieuwste 3D scan technologie leggen wij jouw lichaam voor eeuwig vast.\" \/>\n<meta name=\"robots\" content=\"index, follow, max-snippet:-1, max-image-preview:large, max-video-preview:-1\" \/>\n<link rel=\"canonical\" href=\"https:\/\/www.girlswithprinters.com\/de_ch\/open-3dscanstudio\/\" \/>\n<meta property=\"og:locale\" content=\"de_DE\" \/>\n<meta property=\"og:type\" content=\"article\" \/>\n<meta property=\"og:title\" content=\"Jouw lichaam vereeuwigen in een borstbeeld - Girls with printers\" \/>\n<meta property=\"og:description\" content=\"Een tastbare herinnering aan een kwetsbare periode in de vorm van een bronzen borstbeeld. Aan de hand van nieuwste 3D scan technologie leggen wij jouw lichaam voor eeuwig vast.\" \/>\n<meta property=\"og:url\" content=\"https:\/\/www.girlswithprinters.com\/de_ch\/open-3dscanstudio\/\" \/>\n<meta property=\"og:site_name\" content=\"Girls with printers\" \/>\n<meta property=\"article:modified_time\" content=\"2025-01-06T15:04:01+00:00\" \/>\n<meta name=\"twitter:card\" content=\"summary_large_image\" \/>\n<meta name=\"twitter:label1\" content=\"Gesch\u00e4tzte Lesezeit\" \/>\n\t<meta name=\"twitter:data1\" content=\"3\u00a0Minuten\" \/>\n<script type=\"application\/ld+json\" class=\"yoast-schema-graph\">{\"@context\":\"https:\\\/\\\/schema.org\",\"@graph\":[{\"@type\":\"WebPage\",\"@id\":\"https:\\\/\\\/www.girlswithprinters.com\\\/open-3dscanstudio\\\/\",\"url\":\"https:\\\/\\\/www.girlswithprinters.com\\\/open-3dscanstudio\\\/\",\"name\":\"Jouw lichaam vereeuwigen in een borstbeeld - Girls with printers\",\"isPartOf\":{\"@id\":\"https:\\\/\\\/www.girlswithprinters.com\\\/fr\\\/#website\"},\"datePublished\":\"2023-03-22T10:39:38+00:00\",\"dateModified\":\"2025-01-06T15:04:01+00:00\",\"description\":\"Een tastbare herinnering aan een kwetsbare periode in de vorm van een bronzen borstbeeld. Aan de hand van nieuwste 3D scan technologie leggen wij jouw lichaam voor eeuwig vast.\",\"breadcrumb\":{\"@id\":\"https:\\\/\\\/www.girlswithprinters.com\\\/open-3dscanstudio\\\/#breadcrumb\"},\"inLanguage\":\"de-CH\",\"potentialAction\":[{\"@type\":\"ReadAction\",\"target\":[\"https:\\\/\\\/www.girlswithprinters.com\\\/open-3dscanstudio\\\/\"]}]},{\"@type\":\"BreadcrumbList\",\"@id\":\"https:\\\/\\\/www.girlswithprinters.com\\\/open-3dscanstudio\\\/#breadcrumb\",\"itemListElement\":[{\"@type\":\"ListItem\",\"position\":1,\"name\":\"Home\",\"item\":\"https:\\\/\\\/www.girlswithprinters.com\\\/\"},{\"@type\":\"ListItem\",\"position\":2,\"name\":\"Start your 3D scanstudio\"}]},{\"@type\":\"WebSite\",\"@id\":\"https:\\\/\\\/www.girlswithprinters.com\\\/fr\\\/#website\",\"url\":\"https:\\\/\\\/www.girlswithprinters.com\\\/fr\\\/\",\"name\":\"Girls with printers\",\"description\":\"Leverancier zwangerschapsbeelden\",\"publisher\":{\"@id\":\"https:\\\/\\\/www.girlswithprinters.com\\\/fr\\\/#organization\"},\"potentialAction\":[{\"@type\":\"SearchAction\",\"target\":{\"@type\":\"EntryPoint\",\"urlTemplate\":\"https:\\\/\\\/www.girlswithprinters.com\\\/fr\\\/?s={search_term_string}\"},\"query-input\":{\"@type\":\"PropertyValueSpecification\",\"valueRequired\":true,\"valueName\":\"search_term_string\"}}],\"inLanguage\":\"de-CH\"},{\"@type\":\"Organization\",\"@id\":\"https:\\\/\\\/www.girlswithprinters.com\\\/fr\\\/#organization\",\"name\":\"Girls with printers\",\"url\":\"https:\\\/\\\/www.girlswithprinters.com\\\/fr\\\/\",\"logo\":{\"@type\":\"ImageObject\",\"inLanguage\":\"de-CH\",\"@id\":\"https:\\\/\\\/www.girlswithprinters.com\\\/fr\\\/#\\\/schema\\\/logo\\\/image\\\/\",\"url\":\"https:\\\/\\\/www.girlswithprinters.com\\\/wp-content\\\/uploads\\\/2021\\\/08\\\/Kopie-van-GWP.png\",\"contentUrl\":\"https:\\\/\\\/www.girlswithprinters.com\\\/wp-content\\\/uploads\\\/2021\\\/08\\\/Kopie-van-GWP.png\",\"width\":512,\"height\":512,\"caption\":\"Girls with printers\"},\"image\":{\"@id\":\"https:\\\/\\\/www.girlswithprinters.com\\\/fr\\\/#\\\/schema\\\/logo\\\/image\\\/\"}}]}<\/script>\n<!-- \/ Yoast SEO plugin. -->","yoast_head_json":{"title":"Jouw lichaam vereeuwigen in een borstbeeld - Girls with printers","description":"Eine geschmackvolle Erinnerung an einen feuchten Zeitraum in Form eines bronzenen Borstbildes. Mit Hilfe der neuesten 3D-Scan-Technologie k\u00f6nnen wir Ihre Haut f\u00fcr immer verbessern.","robots":{"index":"index","follow":"follow","max-snippet":"max-snippet:-1","max-image-preview":"max-image-preview:large","max-video-preview":"max-video-preview:-1"},"canonical":"https:\/\/www.girlswithprinters.com\/de_ch\/open-3dscanstudio\/","og_locale":"de_DE","og_type":"article","og_title":"Jouw lichaam vereeuwigen in een borstbeeld - Girls with printers","og_description":"Een tastbare herinnering aan een kwetsbare periode in de vorm van een bronzen borstbeeld. Aan de hand van nieuwste 3D scan technologie leggen wij jouw lichaam voor eeuwig vast.","og_url":"https:\/\/www.girlswithprinters.com\/de_ch\/open-3dscanstudio\/","og_site_name":"Girls with printers","article_modified_time":"2025-01-06T15:04:01+00:00","twitter_card":"summary_large_image","twitter_misc":{"Gesch\u00e4tzte Lesezeit":"3\u00a0Minuten"},"schema":{"@context":"https:\/\/schema.org","@graph":[{"@type":"WebPage","@id":"https:\/\/www.girlswithprinters.com\/open-3dscanstudio\/","url":"https:\/\/www.girlswithprinters.com\/open-3dscanstudio\/","name":"Jouw lichaam vereeuwigen in een borstbeeld - Girls with printers","isPartOf":{"@id":"https:\/\/www.girlswithprinters.com\/fr\/#website"},"datePublished":"2023-03-22T10:39:38+00:00","dateModified":"2025-01-06T15:04:01+00:00","description":"Eine geschmackvolle Erinnerung an einen feuchten Zeitraum in Form eines bronzenen Borstbildes. Mit Hilfe der neuesten 3D-Scan-Technologie k\u00f6nnen wir Ihre Haut f\u00fcr immer verbessern.","breadcrumb":{"@id":"https:\/\/www.girlswithprinters.com\/open-3dscanstudio\/#breadcrumb"},"inLanguage":"de-CH","potentialAction":[{"@type":"ReadAction","target":["https:\/\/www.girlswithprinters.com\/open-3dscanstudio\/"]}]},{"@type":"BreadcrumbList","@id":"https:\/\/www.girlswithprinters.com\/open-3dscanstudio\/#breadcrumb","itemListElement":[{"@type":"ListItem","position":1,"name":"Home","item":"https:\/\/www.girlswithprinters.com\/"},{"@type":"ListItem","position":2,"name":"Start your 3D scanstudio"}]},{"@type":"WebSite","@id":"https:\/\/www.girlswithprinters.com\/fr\/#website","url":"https:\/\/www.girlswithprinters.com\/fr\/","name":"M\u00e4dchen mit Druckern","description":"Leverancier zwangerschapsbeelden","publisher":{"@id":"https:\/\/www.girlswithprinters.com\/fr\/#organization"},"potentialAction":[{"@type":"SearchAction","target":{"@type":"EntryPoint","urlTemplate":"https:\/\/www.girlswithprinters.com\/fr\/?s={search_term_string}"},"query-input":{"@type":"PropertyValueSpecification","valueRequired":true,"valueName":"search_term_string"}}],"inLanguage":"de-CH"},{"@type":"Organization","@id":"https:\/\/www.girlswithprinters.com\/fr\/#organization","name":"M\u00e4dchen mit Druckern","url":"https:\/\/www.girlswithprinters.com\/fr\/","logo":{"@type":"ImageObject","inLanguage":"de-CH","@id":"https:\/\/www.girlswithprinters.com\/fr\/#\/schema\/logo\/image\/","url":"https:\/\/www.girlswithprinters.com\/wp-content\/uploads\/2021\/08\/Kopie-van-GWP.png","contentUrl":"https:\/\/www.girlswithprinters.com\/wp-content\/uploads\/2021\/08\/Kopie-van-GWP.png","width":512,"height":512,"caption":"Girls with printers"},"image":{"@id":"https:\/\/www.girlswithprinters.com\/fr\/#\/schema\/logo\/image\/"}}]}},"_links":{"self":[{"href":"https:\/\/www.girlswithprinters.com\/de_ch\/wp-json\/wp\/v2\/pages\/1018","targetHints":{"allow":["GET"]}}],"collection":[{"href":"https:\/\/www.girlswithprinters.com\/de_ch\/wp-json\/wp\/v2\/pages"}],"about":[{"href":"https:\/\/www.girlswithprinters.com\/de_ch\/wp-json\/wp\/v2\/types\/page"}],"author":[{"embeddable":true,"href":"https:\/\/www.girlswithprinters.com\/de_ch\/wp-json\/wp\/v2\/users\/1"}],"replies":[{"embeddable":true,"href":"https:\/\/www.girlswithprinters.com\/de_ch\/wp-json\/wp\/v2\/comments?post=1018"}],"version-history":[{"count":69,"href":"https:\/\/www.girlswithprinters.com\/de_ch\/wp-json\/wp\/v2\/pages\/1018\/revisions"}],"predecessor-version":[{"id":5344,"href":"https:\/\/www.girlswithprinters.com\/de_ch\/wp-json\/wp\/v2\/pages\/1018\/revisions\/5344"}],"wp:attachment":[{"href":"https:\/\/www.girlswithprinters.com\/de_ch\/wp-json\/wp\/v2\/media?parent=1018"}],"curies":[{"name":"wp","href":"https:\/\/api.w.org\/{rel}","templated":true}]}}