 {"id":1018,"date":"2023-03-22T10:39:38","date_gmt":"2023-03-22T10:39:38","guid":{"rendered":"https:\/\/www.girlswithprinters.com\/?page_id=1018"},"modified":"2025-01-06T15:04:01","modified_gmt":"2025-01-06T15:04:01","slug":"open-3dscanstudio","status":"publish","type":"page","link":"https:\/\/www.girlswithprinters.com\/da\/open-3dscanstudio\/","title":{"rendered":"Start dit 3D-scanningsstudie"},"content":{"rendered":"<div data-elementor-type=\"page\" data-elementor-id=\"1018\" class=\"elementor elementor-1018\" data-elementor-post-type=\"page\">\n\t\t\t\t<div class=\"elementor-element elementor-element-b798874 e-flex e-con-boxed e-con e-parent\" data-id=\"b798874\" data-element_type=\"container\" data-e-type=\"container\">\n\t\t\t\t\t<div class=\"e-con-inner\">\n\t\t\t\t<div class=\"elementor-element elementor-element-bf57a72 elementor-widget elementor-widget-heading\" data-id=\"bf57a72\" data-element_type=\"widget\" data-e-type=\"widget\" data-widget_type=\"heading.default\">\n\t\t\t\t<div class=\"elementor-widget-container\">\n\t\t\t\t\t<h1 class=\"elementor-heading-title elementor-size-default\">Begynd at tilbyde 3D-graviditetsscanninger<\/h1>\t\t\t\t<\/div>\n\t\t\t\t<\/div>\n\t\t\t\t<div class=\"elementor-element elementor-element-30ed022 elementor-widget elementor-widget-text-editor\" data-id=\"30ed022\" data-element_type=\"widget\" data-e-type=\"widget\" data-widget_type=\"text-editor.default\">\n\t\t\t\t<div class=\"elementor-widget-container\">\n\t\t\t\t\t\t\t\t\t<p>Er du interesseret i at \u00e5bne dit eget 3D-scanningsstudie for at s\u00e6lge graviditetsskulpturer og\/eller smykker? Du er kommet til det rette sted for at f\u00e5 fuld st\u00f8tte til at \u00e5bne dit eget studie. Vi tilbyder omfattende hj\u00e6lp til at lease eller k\u00f8be en 3D-scanner. Derudover tilbyder vi undervisning i 3D-scanningssoftware og den materialekendskab, der er n\u00f8dvendig for at f\u00e5 succes i denne branche.<\/p><p>N\u00e5r man \u00e5bner et 3D-scanningsstudie, er det vigtigt at forst\u00e5, hvad man g\u00e5r ind til. Vi kan hj\u00e6lpe ved at dele vores mange\u00e5rige erfaring og ekspertise med dig. Med vores produktion af graviditetsskulpturer kan vi tage hele processen ud af dine h\u00e6nder, s\u00e5 du kan fokusere fuldt ud p\u00e5 at levere tjenester af h\u00f8j kvalitet til dine kunder.<\/p><p>N\u00e5r du \u00e5bner dit eget scanningsstudie, driver du din egen virksomhed, mens du bruger vores produktionstjenester. Vi kr\u00e6ver ikke eksklusivt indk\u00f8b, fordi vi mener, at din virksomhed skal drives p\u00e5 din m\u00e5de, og det er vigtigt, at du v\u00e6lger dine egne forsyningskanaler.<\/p><p>Kort sagt er vi din perfekte partner til at \u00e5bne dit eget 3D-scanningsstudie og s\u00e6lge graviditetsskulpturer. Du er velkommen til at kontakte os for mere information!<\/p>\t\t\t\t\t\t\t\t<\/div>\n\t\t\t\t<\/div>\n\t\t\t\t<div class=\"elementor-element elementor-element-b333747 elementor-align-left elementor-mobile-align-justify elementor-widget-mobile__width-inherit elementor-widget elementor-widget-button\" data-id=\"b333747\" data-element_type=\"widget\" data-e-type=\"widget\" data-widget_type=\"button.default\">\n\t\t\t\t<div class=\"elementor-widget-container\">\n\t\t\t\t\t\t\t\t\t<div class=\"elementor-button-wrapper\">\n\t\t\t\t\t<a class=\"elementor-button elementor-button-link elementor-size-sm\" href=\"https:\/\/www.girlswithprinters.com\/da\/contact\/\">\n\t\t\t\t\t\t<span class=\"elementor-button-content-wrapper\">\n\t\t\t\t\t\t\t\t\t<span class=\"elementor-button-text\">Kontakt<\/span>\n\t\t\t\t\t<\/span>\n\t\t\t\t\t<\/a>\n\t\t\t\t<\/div>\n\t\t\t\t\t\t\t\t<\/div>\n\t\t\t\t<\/div>\n\t\t\t\t<div class=\"elementor-element elementor-element-83d3720 elementor-widget__width-inherit elementor-widget elementor-widget-heading\" data-id=\"83d3720\" data-element_type=\"widget\" data-e-type=\"widget\" data-widget_type=\"heading.default\">\n\t\t\t\t<div class=\"elementor-widget-container\">\n\t\t\t\t\t<h2 class=\"elementor-heading-title elementor-size-default\">Vores kunder<\/h2>\t\t\t\t<\/div>\n\t\t\t\t<\/div>\n\t\t<div class=\"elementor-element elementor-element-a75da92 e-con-full e-flex e-con e-child\" data-id=\"a75da92\" data-element_type=\"container\" data-e-type=\"container\">\n\t\t<div class=\"elementor-element elementor-element-61c0de8 e-con-full e-flex e-con e-child\" data-id=\"61c0de8\" data-element_type=\"container\" data-e-type=\"container\">\n\t\t\t\t<div class=\"elementor-element elementor-element-52f8132 elementor-widget elementor-widget-counter\" data-id=\"52f8132\" data-element_type=\"widget\" data-e-type=\"widget\" data-widget_type=\"counter.default\">\n\t\t\t\t<div class=\"elementor-widget-container\">\n\t\t\t\t\t\t\t<div class=\"elementor-counter\">\n\t\t\t<div class=\"elementor-counter-title\">Studier<\/div>\t\t\t<div class=\"elementor-counter-number-wrapper\">\n\t\t\t\t<span class=\"elementor-counter-number-prefix\"><\/span>\n\t\t\t\t<span class=\"elementor-counter-number\" data-duration=\"2000\" data-to-value=\"45\" data-from-value=\"0\" data-delimiter=\",\">0<\/span>\n\t\t\t\t<span class=\"elementor-counter-number-suffix\"><\/span>\n\t\t\t<\/div>\n\t\t<\/div>\n\t\t\t\t\t\t<\/div>\n\t\t\t\t<\/div>\n\t\t\t\t<\/div>\n\t\t<div class=\"elementor-element elementor-element-4cffccf e-con-full e-flex e-con e-child\" data-id=\"4cffccf\" data-element_type=\"container\" data-e-type=\"container\">\n\t\t\t\t<div class=\"elementor-element elementor-element-c72e87b elementor-widget elementor-widget-gallery\" data-id=\"c72e87b\" data-element_type=\"widget\" data-e-type=\"widget\" data-settings=\"{&quot;gap&quot;:{&quot;unit&quot;:&quot;px&quot;,&quot;size&quot;:2,&quot;sizes&quot;:[]},&quot;columns&quot;:5,&quot;columns_tablet&quot;:5,&quot;columns_mobile&quot;:4,&quot;gap_tablet&quot;:{&quot;unit&quot;:&quot;px&quot;,&quot;size&quot;:2,&quot;sizes&quot;:[]},&quot;gap_mobile&quot;:{&quot;unit&quot;:&quot;px&quot;,&quot;size&quot;:2,&quot;sizes&quot;:[]},&quot;lazyload&quot;:&quot;yes&quot;,&quot;gallery_layout&quot;:&quot;grid&quot;,&quot;aspect_ratio&quot;:&quot;3:2&quot;,&quot;content_hover_animation&quot;:&quot;fade-in&quot;}\" data-widget_type=\"gallery.default\">\n\t\t\t\t<div class=\"elementor-widget-container\">\n\t\t\t\t\t\t\t<div class=\"elementor-gallery__container\">\n\t\t\t\t\t\t\t<div class=\"e-gallery-item elementor-gallery-item elementor-animated-content\">\n\t\t\t\t\t<div class=\"e-gallery-image elementor-gallery-item__image\" data-thumbnail=\"https:\/\/www.girlswithprinters.com\/wp-content\/uploads\/2024\/09\/flag-square-arb.png\" data-width=\"250\" data-height=\"250\" aria-label=\"\" role=\"img\" ><\/div>\n\t\t\t\t\t\t\t\t\t\t\t\t\t\t<\/div>\n\t\t\t\t\t\t\t<div class=\"e-gallery-item elementor-gallery-item elementor-animated-content\">\n\t\t\t\t\t<div class=\"e-gallery-image elementor-gallery-item__image\" data-thumbnail=\"https:\/\/www.girlswithprinters.com\/wp-content\/uploads\/2024\/09\/flag-square-aus.png\" data-width=\"250\" data-height=\"250\" aria-label=\"\" role=\"img\" ><\/div>\n\t\t\t\t\t\t\t\t\t\t\t\t\t\t<\/div>\n\t\t\t\t\t\t\t<div class=\"e-gallery-item elementor-gallery-item elementor-animated-content\">\n\t\t\t\t\t<div class=\"e-gallery-image elementor-gallery-item__image\" data-thumbnail=\"https:\/\/www.girlswithprinters.com\/wp-content\/uploads\/2024\/09\/flag-square-be.png\" data-width=\"250\" data-height=\"250\" aria-label=\"\" role=\"img\" ><\/div>\n\t\t\t\t\t\t\t\t\t\t\t\t\t\t<\/div>\n\t\t\t\t\t\t\t<div class=\"e-gallery-item elementor-gallery-item elementor-animated-content\">\n\t\t\t\t\t<div class=\"e-gallery-image elementor-gallery-item__image\" data-thumbnail=\"https:\/\/www.girlswithprinters.com\/wp-content\/uploads\/2024\/09\/flag-square-de.png\" data-width=\"250\" data-height=\"250\" aria-label=\"\" role=\"img\" ><\/div>\n\t\t\t\t\t\t\t\t\t\t\t\t\t\t<\/div>\n\t\t\t\t\t\t\t<div class=\"e-gallery-item elementor-gallery-item elementor-animated-content\">\n\t\t\t\t\t<div class=\"e-gallery-image elementor-gallery-item__image\" data-thumbnail=\"https:\/\/www.girlswithprinters.com\/wp-content\/uploads\/2024\/09\/flag-square-france.png\" data-width=\"250\" data-height=\"250\" aria-label=\"\" role=\"img\" ><\/div>\n\t\t\t\t\t\t\t\t\t\t\t\t\t\t<\/div>\n\t\t\t\t\t\t\t<div class=\"e-gallery-item elementor-gallery-item elementor-animated-content\">\n\t\t\t\t\t<div class=\"e-gallery-image elementor-gallery-item__image\" data-thumbnail=\"https:\/\/www.girlswithprinters.com\/wp-content\/uploads\/2024\/09\/flag-square-nl.png\" data-width=\"250\" data-height=\"250\" aria-label=\"\" role=\"img\" ><\/div>\n\t\t\t\t\t\t\t\t\t\t\t\t\t\t<\/div>\n\t\t\t\t\t\t\t<div class=\"e-gallery-item elementor-gallery-item elementor-animated-content\">\n\t\t\t\t\t<div class=\"e-gallery-image elementor-gallery-item__image\" data-thumbnail=\"https:\/\/www.girlswithprinters.com\/wp-content\/uploads\/2024\/09\/flag-square-se.png\" data-width=\"250\" data-height=\"250\" aria-label=\"\" role=\"img\" ><\/div>\n\t\t\t\t\t\t\t\t\t\t\t\t\t\t<\/div>\n\t\t\t\t\t\t\t<div class=\"e-gallery-item elementor-gallery-item elementor-animated-content\">\n\t\t\t\t\t<div class=\"e-gallery-image elementor-gallery-item__image\" data-thumbnail=\"https:\/\/www.girlswithprinters.com\/wp-content\/uploads\/2024\/09\/flag-square-SW.png\" data-width=\"250\" data-height=\"250\" aria-label=\"\" role=\"img\" ><\/div>\n\t\t\t\t\t\t\t\t\t\t\t\t\t\t<\/div>\n\t\t\t\t\t\t\t<div class=\"e-gallery-item elementor-gallery-item elementor-animated-content\">\n\t\t\t\t\t<div class=\"e-gallery-image elementor-gallery-item__image\" data-thumbnail=\"https:\/\/www.girlswithprinters.com\/wp-content\/uploads\/2024\/09\/flag-square-UK.png\" data-width=\"250\" data-height=\"250\" aria-label=\"\" role=\"img\" ><\/div>\n\t\t\t\t\t\t\t\t\t\t\t\t\t\t<\/div>\n\t\t\t\t\t<\/div>\n\t\t\t\t\t<\/div>\n\t\t\t\t<\/div>\n\t\t\t\t<\/div>\n\t\t<div class=\"elementor-element elementor-element-f8d434e e-con-full e-flex e-con e-child\" data-id=\"f8d434e\" data-element_type=\"container\" data-e-type=\"container\">\n\t\t\t\t<div class=\"elementor-element elementor-element-5ed9e2c elementor-widget elementor-widget-counter\" data-id=\"5ed9e2c\" data-element_type=\"widget\" data-e-type=\"widget\" data-widget_type=\"counter.default\">\n\t\t\t\t<div class=\"elementor-widget-container\">\n\t\t\t\t\t\t\t<div class=\"elementor-counter\">\n\t\t\t<div class=\"elementor-counter-title\">lande<\/div>\t\t\t<div class=\"elementor-counter-number-wrapper\">\n\t\t\t\t<span class=\"elementor-counter-number-prefix\">I <\/span>\n\t\t\t\t<span class=\"elementor-counter-number\" data-duration=\"2000\" data-to-value=\"9\" data-from-value=\"0\" data-delimiter=\",\">0<\/span>\n\t\t\t\t<span class=\"elementor-counter-number-suffix\"><\/span>\n\t\t\t<\/div>\n\t\t<\/div>\n\t\t\t\t\t\t<\/div>\n\t\t\t\t<\/div>\n\t\t\t\t<\/div>\n\t\t\t\t<\/div>\n\t\t\t\t\t<\/div>\n\t\t\t\t<\/div>\n\t\t<div class=\"elementor-element elementor-element-dadc627 e-con-full e-flex e-con e-parent\" data-id=\"dadc627\" data-element_type=\"container\" data-e-type=\"container\">\n\t\t<div class=\"elementor-element elementor-element-f0f2e29 e-con-full e-flex e-con e-child\" data-id=\"f0f2e29\" data-element_type=\"container\" data-e-type=\"container\">\n\t\t\t\t<div class=\"elementor-element elementor-element-3e31542 elementor-widget elementor-widget-gallery\" data-id=\"3e31542\" data-element_type=\"widget\" data-e-type=\"widget\" data-settings=\"{&quot;columns&quot;:5,&quot;aspect_ratio&quot;:&quot;9:16&quot;,&quot;columns_tablet&quot;:5,&quot;columns_mobile&quot;:2,&quot;gap_tablet&quot;:{&quot;unit&quot;:&quot;px&quot;,&quot;size&quot;:5,&quot;sizes&quot;:[]},&quot;gap_mobile&quot;:{&quot;unit&quot;:&quot;px&quot;,&quot;size&quot;:4,&quot;sizes&quot;:[]},&quot;lazyload&quot;:&quot;yes&quot;,&quot;gallery_layout&quot;:&quot;grid&quot;,&quot;gap&quot;:{&quot;unit&quot;:&quot;px&quot;,&quot;size&quot;:10,&quot;sizes&quot;:[]},&quot;link_to&quot;:&quot;file&quot;,&quot;content_hover_animation&quot;:&quot;fade-in&quot;}\" data-widget_type=\"gallery.default\">\n\t\t\t\t<div class=\"elementor-widget-container\">\n\t\t\t\t\t\t\t<div class=\"elementor-gallery__container\">\n\t\t\t\t\t\t\t<a class=\"e-gallery-item elementor-gallery-item elementor-animated-content\" href=\"https:\/\/www.girlswithprinters.com\/wp-content\/uploads\/2023\/03\/Beau-food-Zwangerschapsbeeld.jpg\" data-elementor-open-lightbox=\"yes\" data-elementor-lightbox-slideshow=\"3e31542\" data-e-action-hash=\"#elementor-action%3Aaction%3Dlightbox%26settings%3DeyJpZCI6MTAxOSwidXJsIjoiaHR0cHM6XC9cL3d3dy5naXJsc3dpdGhwcmludGVycy5jb21cL3dwLWNvbnRlbnRcL3VwbG9hZHNcLzIwMjNcLzAzXC9CZWF1LWZvb2QtWndhbmdlcnNjaGFwc2JlZWxkLmpwZyIsInNsaWRlc2hvdyI6IjNlMzE1NDIifQ%3D%3D\">\n\t\t\t\t\t<div class=\"e-gallery-image elementor-gallery-item__image\" data-thumbnail=\"https:\/\/www.girlswithprinters.com\/wp-content\/uploads\/2023\/03\/Beau-food-Zwangerschapsbeeld.jpg\" data-width=\"411\" data-height=\"490\" aria-label=\"\" role=\"img\" ><\/div>\n\t\t\t\t\t\t\t\t\t\t\t\t\t\t<\/a>\n\t\t\t\t\t\t\t<a class=\"e-gallery-item elementor-gallery-item elementor-animated-content\" href=\"https:\/\/www.girlswithprinters.com\/wp-content\/uploads\/2023\/03\/3d-scanstudio-openen.jpg\" data-elementor-open-lightbox=\"yes\" data-elementor-lightbox-slideshow=\"3e31542\" data-e-action-hash=\"#elementor-action%3Aaction%3Dlightbox%26settings%3DeyJpZCI6MTAyMSwidXJsIjoiaHR0cHM6XC9cL3d3dy5naXJsc3dpdGhwcmludGVycy5jb21cL3dwLWNvbnRlbnRcL3VwbG9hZHNcLzIwMjNcLzAzXC8zZC1zY2Fuc3R1ZGlvLW9wZW5lbi5qcGciLCJzbGlkZXNob3ciOiIzZTMxNTQyIn0%3D\">\n\t\t\t\t\t<div class=\"e-gallery-image elementor-gallery-item__image\" data-thumbnail=\"https:\/\/www.girlswithprinters.com\/wp-content\/uploads\/2023\/03\/3d-scanstudio-openen.jpg\" data-width=\"681\" data-height=\"1024\" aria-label=\"\" role=\"img\" ><\/div>\n\t\t\t\t\t\t\t\t\t\t\t\t\t\t<\/a>\n\t\t\t\t\t\t\t<a class=\"e-gallery-item elementor-gallery-item elementor-animated-content\" href=\"https:\/\/www.girlswithprinters.com\/wp-content\/uploads\/2023\/03\/zwangerschapsbeeldjes-in-3d-scanstudio.jpg\" data-elementor-open-lightbox=\"yes\" data-elementor-lightbox-slideshow=\"3e31542\" data-e-action-hash=\"#elementor-action%3Aaction%3Dlightbox%26settings%3DeyJpZCI6MTAyMCwidXJsIjoiaHR0cHM6XC9cL3d3dy5naXJsc3dpdGhwcmludGVycy5jb21cL3dwLWNvbnRlbnRcL3VwbG9hZHNcLzIwMjNcLzAzXC96d2FuZ2Vyc2NoYXBzYmVlbGRqZXMtaW4tM2Qtc2NhbnN0dWRpby5qcGciLCJzbGlkZXNob3ciOiIzZTMxNTQyIn0%3D\">\n\t\t\t\t\t<div class=\"e-gallery-image elementor-gallery-item__image\" data-thumbnail=\"https:\/\/www.girlswithprinters.com\/wp-content\/uploads\/2023\/03\/zwangerschapsbeeldjes-in-3d-scanstudio.jpg\" data-width=\"768\" data-height=\"1024\" aria-label=\"\" role=\"img\" ><\/div>\n\t\t\t\t\t\t\t\t\t\t\t\t\t\t<\/a>\n\t\t\t\t\t\t\t<a class=\"e-gallery-item elementor-gallery-item elementor-animated-content\" href=\"https:\/\/www.girlswithprinters.com\/wp-content\/uploads\/2023\/06\/Schermafbeelding-2023-06-02-160415.png\" data-elementor-open-lightbox=\"yes\" data-elementor-lightbox-slideshow=\"3e31542\" data-e-action-hash=\"#elementor-action%3Aaction%3Dlightbox%26settings%3DeyJpZCI6MTIyOCwidXJsIjoiaHR0cHM6XC9cL3d3dy5naXJsc3dpdGhwcmludGVycy5jb21cL3dwLWNvbnRlbnRcL3VwbG9hZHNcLzIwMjNcLzA2XC9TY2hlcm1hZmJlZWxkaW5nLTIwMjMtMDYtMDItMTYwNDE1LnBuZyIsInNsaWRlc2hvdyI6IjNlMzE1NDIifQ%3D%3D\">\n\t\t\t\t\t<div class=\"e-gallery-image elementor-gallery-item__image\" data-thumbnail=\"https:\/\/www.girlswithprinters.com\/wp-content\/uploads\/2023\/06\/Schermafbeelding-2023-06-02-160415.png\" data-width=\"772\" data-height=\"849\" aria-label=\"\" role=\"img\" ><\/div>\n\t\t\t\t\t\t\t\t\t\t\t\t\t\t<\/a>\n\t\t\t\t\t\t\t<a class=\"e-gallery-item elementor-gallery-item elementor-animated-content\" href=\"https:\/\/www.girlswithprinters.com\/wp-content\/uploads\/2024\/01\/DSC_0476-scaled.jpg\" data-elementor-open-lightbox=\"yes\" data-elementor-lightbox-slideshow=\"3e31542\" data-e-action-hash=\"#elementor-action%3Aaction%3Dlightbox%26settings%3DeyJpZCI6MjE3NSwidXJsIjoiaHR0cHM6XC9cL3d3dy5naXJsc3dpdGhwcmludGVycy5jb21cL3dwLWNvbnRlbnRcL3VwbG9hZHNcLzIwMjRcLzAxXC9EU0NfMDQ3Ni1zY2FsZWQuanBnIiwic2xpZGVzaG93IjoiM2UzMTU0MiJ9\">\n\t\t\t\t\t<div class=\"e-gallery-image elementor-gallery-item__image\" data-thumbnail=\"https:\/\/www.girlswithprinters.com\/wp-content\/uploads\/2024\/01\/DSC_0476-scaled.jpg\" data-width=\"1702\" data-height=\"2560\" aria-label=\"\" role=\"img\" ><\/div>\n\t\t\t\t\t\t\t\t\t\t\t\t\t\t<\/a>\n\t\t\t\t\t<\/div>\n\t\t\t\t\t<\/div>\n\t\t\t\t<\/div>\n\t\t\t\t<\/div>\n\t\t\t\t<\/div>\n\t\t\t\t<\/div>","protected":false},"excerpt":{"rendered":"<p>Start offering 3D pregnancy scans Are you interested in opening your own 3D scan studio to sell pregnancy sculptures and\/or jewelry? You\u2019ve come to the right place for complete support in opening your own studio. We offer comprehensive assistance in leasing or purchasing a 3D scanner. Additionally, we provide training in 3D scan software and [&hellip;]<\/p>\n","protected":false},"author":1,"featured_media":0,"parent":0,"menu_order":0,"comment_status":"closed","ping_status":"closed","template":"elementor_header_footer","meta":{"footnotes":""},"class_list":["post-1018","page","type-page","status-publish","hentry"],"yoast_head":"<!-- This site is optimized with the Yoast SEO plugin v27.4 - https:\/\/yoast.com\/product\/yoast-seo-wordpress\/ -->\n<title>Jouw lichaam vereeuwigen in een borstbeeld - Girls with printers<\/title>\n<meta name=\"description\" content=\"Een tastbare herinnering aan een kwetsbare periode in de vorm van een bronzen borstbeeld. Aan de hand van nieuwste 3D scan technologie leggen wij jouw lichaam voor eeuwig vast.\" \/>\n<meta name=\"robots\" content=\"index, follow, max-snippet:-1, max-image-preview:large, max-video-preview:-1\" \/>\n<link rel=\"canonical\" href=\"https:\/\/www.girlswithprinters.com\/da\/open-3dscanstudio\/\" \/>\n<meta property=\"og:locale\" content=\"da_DK\" \/>\n<meta property=\"og:type\" content=\"article\" \/>\n<meta property=\"og:title\" content=\"Jouw lichaam vereeuwigen in een borstbeeld - Girls with printers\" \/>\n<meta property=\"og:description\" content=\"Een tastbare herinnering aan een kwetsbare periode in de vorm van een bronzen borstbeeld. Aan de hand van nieuwste 3D scan technologie leggen wij jouw lichaam voor eeuwig vast.\" \/>\n<meta property=\"og:url\" content=\"https:\/\/www.girlswithprinters.com\/da\/open-3dscanstudio\/\" \/>\n<meta property=\"og:site_name\" content=\"Girls with printers\" \/>\n<meta property=\"article:modified_time\" content=\"2025-01-06T15:04:01+00:00\" \/>\n<meta name=\"twitter:card\" content=\"summary_large_image\" \/>\n<meta name=\"twitter:label1\" content=\"Estimeret l\u00e6setid\" \/>\n\t<meta name=\"twitter:data1\" content=\"3 minutter\" \/>\n<script type=\"application\/ld+json\" class=\"yoast-schema-graph\">{\"@context\":\"https:\\\/\\\/schema.org\",\"@graph\":[{\"@type\":\"WebPage\",\"@id\":\"https:\\\/\\\/www.girlswithprinters.com\\\/open-3dscanstudio\\\/\",\"url\":\"https:\\\/\\\/www.girlswithprinters.com\\\/open-3dscanstudio\\\/\",\"name\":\"Jouw lichaam vereeuwigen in een borstbeeld - Girls with printers\",\"isPartOf\":{\"@id\":\"https:\\\/\\\/www.girlswithprinters.com\\\/fr\\\/#website\"},\"datePublished\":\"2023-03-22T10:39:38+00:00\",\"dateModified\":\"2025-01-06T15:04:01+00:00\",\"description\":\"Een tastbare herinnering aan een kwetsbare periode in de vorm van een bronzen borstbeeld. Aan de hand van nieuwste 3D scan technologie leggen wij jouw lichaam voor eeuwig vast.\",\"breadcrumb\":{\"@id\":\"https:\\\/\\\/www.girlswithprinters.com\\\/open-3dscanstudio\\\/#breadcrumb\"},\"inLanguage\":\"da-DK\",\"potentialAction\":[{\"@type\":\"ReadAction\",\"target\":[\"https:\\\/\\\/www.girlswithprinters.com\\\/open-3dscanstudio\\\/\"]}]},{\"@type\":\"BreadcrumbList\",\"@id\":\"https:\\\/\\\/www.girlswithprinters.com\\\/open-3dscanstudio\\\/#breadcrumb\",\"itemListElement\":[{\"@type\":\"ListItem\",\"position\":1,\"name\":\"Home\",\"item\":\"https:\\\/\\\/www.girlswithprinters.com\\\/\"},{\"@type\":\"ListItem\",\"position\":2,\"name\":\"Start your 3D scanstudio\"}]},{\"@type\":\"WebSite\",\"@id\":\"https:\\\/\\\/www.girlswithprinters.com\\\/fr\\\/#website\",\"url\":\"https:\\\/\\\/www.girlswithprinters.com\\\/fr\\\/\",\"name\":\"Girls with printers\",\"description\":\"Leverancier zwangerschapsbeelden\",\"publisher\":{\"@id\":\"https:\\\/\\\/www.girlswithprinters.com\\\/fr\\\/#organization\"},\"potentialAction\":[{\"@type\":\"SearchAction\",\"target\":{\"@type\":\"EntryPoint\",\"urlTemplate\":\"https:\\\/\\\/www.girlswithprinters.com\\\/fr\\\/?s={search_term_string}\"},\"query-input\":{\"@type\":\"PropertyValueSpecification\",\"valueRequired\":true,\"valueName\":\"search_term_string\"}}],\"inLanguage\":\"da-DK\"},{\"@type\":\"Organization\",\"@id\":\"https:\\\/\\\/www.girlswithprinters.com\\\/fr\\\/#organization\",\"name\":\"Girls with printers\",\"url\":\"https:\\\/\\\/www.girlswithprinters.com\\\/fr\\\/\",\"logo\":{\"@type\":\"ImageObject\",\"inLanguage\":\"da-DK\",\"@id\":\"https:\\\/\\\/www.girlswithprinters.com\\\/fr\\\/#\\\/schema\\\/logo\\\/image\\\/\",\"url\":\"https:\\\/\\\/www.girlswithprinters.com\\\/wp-content\\\/uploads\\\/2021\\\/08\\\/Kopie-van-GWP.png\",\"contentUrl\":\"https:\\\/\\\/www.girlswithprinters.com\\\/wp-content\\\/uploads\\\/2021\\\/08\\\/Kopie-van-GWP.png\",\"width\":512,\"height\":512,\"caption\":\"Girls with printers\"},\"image\":{\"@id\":\"https:\\\/\\\/www.girlswithprinters.com\\\/fr\\\/#\\\/schema\\\/logo\\\/image\\\/\"}}]}<\/script>\n<!-- \/ Yoast SEO plugin. -->","yoast_head_json":{"title":"Jouw lichaam vereeuwigen in een borstbeeld - Piger med printere","description":"En smagfuld erindring i en s\u00e5rbar periode i form af et bronzeborstbillede. Ved hj\u00e6lp af den nyeste 3D-scanningsteknologi kan vi g\u00f8re dit legeme meget st\u00f8rre.","robots":{"index":"index","follow":"follow","max-snippet":"max-snippet:-1","max-image-preview":"max-image-preview:large","max-video-preview":"max-video-preview:-1"},"canonical":"https:\/\/www.girlswithprinters.com\/da\/open-3dscanstudio\/","og_locale":"da_DK","og_type":"article","og_title":"Jouw lichaam vereeuwigen in een borstbeeld - Girls with printers","og_description":"Een tastbare herinnering aan een kwetsbare periode in de vorm van een bronzen borstbeeld. Aan de hand van nieuwste 3D scan technologie leggen wij jouw lichaam voor eeuwig vast.","og_url":"https:\/\/www.girlswithprinters.com\/da\/open-3dscanstudio\/","og_site_name":"Girls with printers","article_modified_time":"2025-01-06T15:04:01+00:00","twitter_card":"summary_large_image","twitter_misc":{"Estimeret l\u00e6setid":"3 minutter"},"schema":{"@context":"https:\/\/schema.org","@graph":[{"@type":"WebPage","@id":"https:\/\/www.girlswithprinters.com\/open-3dscanstudio\/","url":"https:\/\/www.girlswithprinters.com\/open-3dscanstudio\/","name":"Jouw lichaam vereeuwigen in een borstbeeld - Piger med printere","isPartOf":{"@id":"https:\/\/www.girlswithprinters.com\/fr\/#website"},"datePublished":"2023-03-22T10:39:38+00:00","dateModified":"2025-01-06T15:04:01+00:00","description":"En smagfuld erindring i en s\u00e5rbar periode i form af et bronzeborstbillede. Ved hj\u00e6lp af den nyeste 3D-scanningsteknologi kan vi g\u00f8re dit legeme meget st\u00f8rre.","breadcrumb":{"@id":"https:\/\/www.girlswithprinters.com\/open-3dscanstudio\/#breadcrumb"},"inLanguage":"da-DK","potentialAction":[{"@type":"ReadAction","target":["https:\/\/www.girlswithprinters.com\/open-3dscanstudio\/"]}]},{"@type":"BreadcrumbList","@id":"https:\/\/www.girlswithprinters.com\/open-3dscanstudio\/#breadcrumb","itemListElement":[{"@type":"ListItem","position":1,"name":"Home","item":"https:\/\/www.girlswithprinters.com\/"},{"@type":"ListItem","position":2,"name":"Start your 3D scanstudio"}]},{"@type":"WebSite","@id":"https:\/\/www.girlswithprinters.com\/fr\/#website","url":"https:\/\/www.girlswithprinters.com\/fr\/","name":"Piger med printere","description":"Leverancier zwangerschapsbeelden","publisher":{"@id":"https:\/\/www.girlswithprinters.com\/fr\/#organization"},"potentialAction":[{"@type":"SearchAction","target":{"@type":"EntryPoint","urlTemplate":"https:\/\/www.girlswithprinters.com\/fr\/?s={search_term_string}"},"query-input":{"@type":"PropertyValueSpecification","valueRequired":true,"valueName":"search_term_string"}}],"inLanguage":"da-DK"},{"@type":"Organization","@id":"https:\/\/www.girlswithprinters.com\/fr\/#organization","name":"Piger med printere","url":"https:\/\/www.girlswithprinters.com\/fr\/","logo":{"@type":"ImageObject","inLanguage":"da-DK","@id":"https:\/\/www.girlswithprinters.com\/fr\/#\/schema\/logo\/image\/","url":"https:\/\/www.girlswithprinters.com\/wp-content\/uploads\/2021\/08\/Kopie-van-GWP.png","contentUrl":"https:\/\/www.girlswithprinters.com\/wp-content\/uploads\/2021\/08\/Kopie-van-GWP.png","width":512,"height":512,"caption":"Girls with printers"},"image":{"@id":"https:\/\/www.girlswithprinters.com\/fr\/#\/schema\/logo\/image\/"}}]}},"_links":{"self":[{"href":"https:\/\/www.girlswithprinters.com\/da\/wp-json\/wp\/v2\/pages\/1018","targetHints":{"allow":["GET"]}}],"collection":[{"href":"https:\/\/www.girlswithprinters.com\/da\/wp-json\/wp\/v2\/pages"}],"about":[{"href":"https:\/\/www.girlswithprinters.com\/da\/wp-json\/wp\/v2\/types\/page"}],"author":[{"embeddable":true,"href":"https:\/\/www.girlswithprinters.com\/da\/wp-json\/wp\/v2\/users\/1"}],"replies":[{"embeddable":true,"href":"https:\/\/www.girlswithprinters.com\/da\/wp-json\/wp\/v2\/comments?post=1018"}],"version-history":[{"count":69,"href":"https:\/\/www.girlswithprinters.com\/da\/wp-json\/wp\/v2\/pages\/1018\/revisions"}],"predecessor-version":[{"id":5344,"href":"https:\/\/www.girlswithprinters.com\/da\/wp-json\/wp\/v2\/pages\/1018\/revisions\/5344"}],"wp:attachment":[{"href":"https:\/\/www.girlswithprinters.com\/da\/wp-json\/wp\/v2\/media?parent=1018"}],"curies":[{"name":"wp","href":"https:\/\/api.w.org\/{rel}","templated":true}]}}